{"id":98,"date":"2024-03-12T17:18:14","date_gmt":"2024-03-12T16:18:14","guid":{"rendered":"https:\/\/rocksane.fr\/?page_id=98"},"modified":"2025-12-10T12:42:01","modified_gmt":"2025-12-10T11:42:01","slug":"lhistoire","status":"publish","type":"page","link":"https:\/\/rocksane.fr\/index.php\/rockschool\/lhistoire\/","title":{"rendered":"L&rsquo;histoire"},"content":{"rendered":"\t\t<div data-elementor-type=\"wp-page\" data-elementor-id=\"98\" class=\"elementor elementor-98\" data-elementor-settings=\"{&quot;ha_cmc_init_switcher&quot;:&quot;no&quot;}\">\n\t\t\t\t<div class=\"elementor-element elementor-element-95f2d18 e-flex e-con-boxed e-con e-parent\" data-id=\"95f2d18\" data-element_type=\"container\" data-e-type=\"container\" data-settings=\"{&quot;_ha_eqh_enable&quot;:false}\">\n\t\t\t\t\t<div class=\"e-con-inner\">\n\t\t\t\t<div class=\"elementor-element elementor-element-bd800a8 elementor-widget elementor-widget-spacer\" data-id=\"bd800a8\" data-element_type=\"widget\" data-e-type=\"widget\" data-widget_type=\"spacer.default\">\n\t\t\t\t<div class=\"elementor-widget-container\">\n\t\t\t\t\t\t\t<div class=\"elementor-spacer\">\n\t\t\t<div class=\"elementor-spacer-inner\"><\/div>\n\t\t<\/div>\n\t\t\t\t\t\t<\/div>\n\t\t\t\t<\/div>\n\t\t\t\t<div class=\"elementor-element elementor-element-5c784e3 elementor-widget elementor-widget-heading\" data-id=\"5c784e3\" data-element_type=\"widget\" data-e-type=\"widget\" data-widget_type=\"heading.default\">\n\t\t\t\t<div class=\"elementor-widget-container\">\n\t\t\t\t\t<p class=\"elementor-heading-title elementor-size-default\">LES ORIENTATIONS P\u00c9DAGOGIQUES <br>DE LA ROCKSCHOOL<\/p>\t\t\t\t<\/div>\n\t\t\t\t<\/div>\n\t\t\t\t<div class=\"elementor-element elementor-element-cd7ae32 elementor-widget elementor-widget-spacer\" data-id=\"cd7ae32\" data-element_type=\"widget\" data-e-type=\"widget\" data-widget_type=\"spacer.default\">\n\t\t\t\t<div class=\"elementor-widget-container\">\n\t\t\t\t\t\t\t<div class=\"elementor-spacer\">\n\t\t\t<div class=\"elementor-spacer-inner\"><\/div>\n\t\t<\/div>\n\t\t\t\t\t\t<\/div>\n\t\t\t\t<\/div>\n\t\t\t\t\t<\/div>\n\t\t\t\t<\/div>\n\t\t<div class=\"elementor-element elementor-element-3da0e61 e-flex e-con-boxed e-con e-parent\" data-id=\"3da0e61\" data-element_type=\"container\" data-e-type=\"container\" data-settings=\"{&quot;background_background&quot;:&quot;classic&quot;,&quot;_ha_eqh_enable&quot;:false}\">\n\t\t\t\t\t<div class=\"e-con-inner\">\n\t\t\t\t<div class=\"elementor-element elementor-element-c4c0b3a elementor-widget elementor-widget-text-editor\" data-id=\"c4c0b3a\" data-element_type=\"widget\" data-e-type=\"widget\" data-widget_type=\"text-editor.default\">\n\t\t\t\t<div class=\"elementor-widget-container\">\n\t\t\t\t\t\t\t\t\t<p><span style=\"color: #000000; font-style: inherit;\">La p\u00e9dagogie Rockschool est bas\u00e9e sur 3 grands principes :<\/span><\/p><p><span style=\"color: #000000;\"><b>1 &#8211; LA PRATIQUE AU CENTRE DE L\u2019APPRENTISSAGE<\/b><\/span><\/p><p><span style=\"color: #000000;\"><span style=\"font-weight: 400;\">Nous favorisons l\u2019acc\u00e8s imm\u00e9diat \u00e0 l\u2019instrument, pour permettre \u00e0 chacun de jouer selon son go\u00fbt. <\/span><span style=\"font-weight: 400;\">C\u2019est une fa\u00e7on plus directe et ludique d\u2019aborder la pratique d\u2019un instrument. L\u2019esprit Rockschool, c\u2019est apprendre la musique de fa\u00e7on simple et pragmatique. <\/span><span style=\"font-weight: 400;\"><br \/><\/span><\/span><\/p><p><span style=\"color: #000000;\"><b>2 &#8211; LE COLLECTIF COMME VECTEUR DE PROGR\u00c8S<\/b><\/span><\/p><p><span style=\"color: #000000;\"><span style=\"font-weight: 400;\">Nous croyons que la rencontre entre les \u00e9l\u00e8ves permet de stimuler et favoriser l\u2019apprentissage de la musique. <\/span><span style=\"font-weight: 400;\">Les cours collectifs peuvent se d\u00e9rouler en groupes de 2 \u00e0 3 personnes maximum, de 45mn ou d\u2019une heure hebdomadaire. Ils sont ouverts \u00e0 tous d\u00e8s 7 ans et les groupes sont faits en fonction des niveaux et des \u00e2ges des \u00e9l\u00e8ves. <\/span><span style=\"font-weight: 400;\">Des cours individuels hebdomadaires de 30min, 45min ou 1h sont \u00e9galement propos\u00e9s pour celles et ceux qui le souhaitent d&rsquo;approfondir leur pratique.<\/span><span style=\"font-weight: 400;\"><br \/><\/span><\/span><\/p><p><span style=\"color: #000000;\"><b>3 &#8211; LA TH\u00c9ORIE PAR LA PRATIQUE<\/b><\/span><\/p><p><span style=\"font-weight: 400; color: #000000;\">Nous ne d\u00e9livrons pas de cours de solf\u00e8ge ou de th\u00e9orie musicale. Ces notions sont int\u00e9gr\u00e9es au sein des cours d\u2019instruments ou des jeux en groupe. L\u2019apprentissage va de la pratique \u00e0 la th\u00e9orie.<\/span><\/p>\t\t\t\t\t\t\t\t<\/div>\n\t\t\t\t<\/div>\n\t\t\t\t\t<\/div>\n\t\t\t\t<\/div>\n\t\t<div class=\"elementor-element elementor-element-4239a54 e-flex e-con-boxed e-con e-parent\" data-id=\"4239a54\" data-element_type=\"container\" data-e-type=\"container\" data-settings=\"{&quot;background_background&quot;:&quot;classic&quot;,&quot;_ha_eqh_enable&quot;:false}\">\n\t\t\t\t\t<div class=\"e-con-inner\">\n\t\t<div class=\"elementor-element elementor-element-2a71e8f e-con-full e-flex e-con e-child\" data-id=\"2a71e8f\" data-element_type=\"container\" data-e-type=\"container\" data-settings=\"{&quot;_ha_eqh_enable&quot;:false}\">\n\t\t\t\t<div class=\"elementor-element elementor-element-5d9dfbe elementor-widget elementor-widget-heading\" data-id=\"5d9dfbe\" data-element_type=\"widget\" data-e-type=\"widget\" data-widget_type=\"heading.default\">\n\t\t\t\t<div class=\"elementor-widget-container\">\n\t\t\t\t\t<h3 class=\"elementor-heading-title elementor-size-default\">Une m\u00e9thode d\u2019apprentissage musical favorisant l\u2019acc\u00e8s \u00e0 la pratique instrumentale individuelle et collective.\u200b<\/h3>\t\t\t\t<\/div>\n\t\t\t\t<\/div>\n\t\t\t\t<div class=\"elementor-element elementor-element-53fae58 elementor-widget elementor-widget-text-editor\" data-id=\"53fae58\" data-element_type=\"widget\" data-e-type=\"widget\" data-widget_type=\"text-editor.default\">\n\t\t\t\t<div class=\"elementor-widget-container\">\n\t\t\t\t\t\t\t\t\t<p><span style=\"color: #ffffff;\"><span style=\"font-weight: 400;\">La Rockschool cr\u00e9\u00e9e en 1999 en partenariat avec la ville<\/span><span style=\"font-weight: 400;\"> de Bergerac est une \u00e9cole associative de musique qui propose <\/span><b>une m\u00e9thode d\u2019apprentissage musical favorisant l\u2019acc\u00e8s \u00e0 la pratique instrumentale individuelle et collective<\/b><span style=\"font-weight: 400;\">, dans le domaine des Musiques Actuelles, avec une <\/span><b>p\u00e9dagogie innovante et alternative aux m\u00e9thodes plus classiques.<\/b><\/span><\/p><p><span style=\"font-weight: 400; color: #ffffff;\">Ouverts \u00e0 tous, les cours de guitare, basse, batterie, clavier et coaching vocal s\u2019adressent aux amateurs d\u00e9butants ou confirm\u00e9s.<\/span><\/p><p><span style=\"font-weight: 400; color: #ffffff;\">Les cours d\u2019instruments dispens\u00e9s par des musiciens professionnels peuvent compter de 1 \u00e0 3 \u00e9l\u00e8ves. Diff\u00e9rentes formules d\u2019ateliers de jeu en groupe sont am\u00e9nag\u00e9es en fonction des envies, niveaux et disponibilit\u00e9s des \u00e9l\u00e8ves. Aussi, des sc\u00e8nes ouvertes, des concerts de restitution, des rencontres avec des artistes professionnels sont organis\u00e9s au cours de l\u2019ann\u00e9e. Inscription au trimestre.<\/span><\/p>\t\t\t\t\t\t\t\t<\/div>\n\t\t\t\t<\/div>\n\t\t\t\t<\/div>\n\t\t<div class=\"elementor-element elementor-element-f52fdff e-con-full e-flex e-con e-child\" data-id=\"f52fdff\" data-element_type=\"container\" data-e-type=\"container\" data-settings=\"{&quot;_ha_eqh_enable&quot;:false}\">\n\t\t\t\t<div class=\"elementor-element elementor-element-d9a0410 elementor-widget elementor-widget-image\" data-id=\"d9a0410\" data-element_type=\"widget\" data-e-type=\"widget\" data-widget_type=\"image.default\">\n\t\t\t\t<div class=\"elementor-widget-container\">\n\t\t\t\t\t\t\t\t\t\t\t\t\t\t\t<img fetchpriority=\"high\" decoding=\"async\" width=\"819\" height=\"1024\" src=\"https:\/\/rocksane.fr\/wp-content\/uploads\/2024\/03\/Rockschool-WALL-Grande-819x1024.jpeg\" class=\"attachment-large size-large wp-image-366\" alt=\"\" srcset=\"https:\/\/rocksane.fr\/wp-content\/uploads\/2024\/03\/Rockschool-WALL-Grande-819x1024.jpeg 819w, https:\/\/rocksane.fr\/wp-content\/uploads\/2024\/03\/Rockschool-WALL-Grande-240x300.jpeg 240w, https:\/\/rocksane.fr\/wp-content\/uploads\/2024\/03\/Rockschool-WALL-Grande-768x960.jpeg 768w, https:\/\/rocksane.fr\/wp-content\/uploads\/2024\/03\/Rockschool-WALL-Grande.jpeg 1024w\" sizes=\"(max-width: 819px) 100vw, 819px\" \/>\t\t\t\t\t\t\t\t\t\t\t\t\t\t\t<\/div>\n\t\t\t\t<\/div>\n\t\t\t\t<\/div>\n\t\t\t\t\t<\/div>\n\t\t\t\t<\/div>\n\t\t\t\t<\/div>\n\t\t","protected":false},"excerpt":{"rendered":"<p>LES ORIENTATIONS P\u00c9DAGOGIQUES DE LA ROCKSCHOOL La p\u00e9dagogie Rockschool est bas\u00e9e sur 3 grands principes : 1 &#8211; LA PRATIQUE [&hellip;]<\/p>\n","protected":false},"author":2,"featured_media":0,"parent":96,"menu_order":0,"comment_status":"closed","ping_status":"closed","template":"","meta":{"site-sidebar-layout":"no-sidebar","site-content-layout":"","ast-site-content-layout":"full-width-container","site-content-style":"default","site-sidebar-style":"default","ast-global-header-display":"","ast-banner-title-visibility":"","ast-main-header-display":"","ast-hfb-above-header-display":"","ast-hfb-below-header-display":"","ast-hfb-mobile-header-display":"","site-post-title":"disabled","ast-breadcrumbs-content":"","ast-featured-img":"disabled","footer-sml-layout":"","ast-disable-related-posts":"","theme-transparent-header-meta":"","adv-header-id-meta":"","stick-header-meta":"","header-above-stick-meta":"","header-main-stick-meta":"","header-below-stick-meta":"","astra-migrate-meta-layouts":"default","ast-page-background-enabled":"default","ast-page-background-meta":{"desktop":{"background-color":"var(--ast-global-color-4)","background-image":"","background-repeat":"repeat","background-position":"center center","background-size":"auto","background-attachment":"scroll","background-type":"","background-media":"","overlay-type":"","overlay-color":"","overlay-opacity":"","overlay-gradient":""},"tablet":{"background-color":"","background-image":"","background-repeat":"repeat","background-position":"center center","background-size":"auto","background-attachment":"scroll","background-type":"","background-media":"","overlay-type":"","overlay-color":"","overlay-opacity":"","overlay-gradient":""},"mobile":{"background-color":"","background-image":"","background-repeat":"repeat","background-position":"center center","background-size":"auto","background-attachment":"scroll","background-type":"","background-media":"","overlay-type":"","overlay-color":"","overlay-opacity":"","overlay-gradient":""}},"ast-content-background-meta":{"desktop":{"background-color":"var(--ast-global-color-5)","background-image":"","background-repeat":"repeat","background-position":"center center","background-size":"auto","background-attachment":"scroll","background-type":"","background-media":"","overlay-type":"","overlay-color":"","overlay-opacity":"","overlay-gradient":""},"tablet":{"background-color":"var(--ast-global-color-5)","background-image":"","background-repeat":"repeat","background-position":"center center","background-size":"auto","background-attachment":"scroll","background-type":"","background-media":"","overlay-type":"","overlay-color":"","overlay-opacity":"","overlay-gradient":""},"mobile":{"background-color":"var(--ast-global-color-5)","background-image":"","background-repeat":"repeat","background-position":"center center","background-size":"auto","background-attachment":"scroll","background-type":"","background-media":"","overlay-type":"","overlay-color":"","overlay-opacity":"","overlay-gradient":""}},"footnotes":""},"class_list":["post-98","page","type-page","status-publish","hentry"],"_links":{"self":[{"href":"https:\/\/rocksane.fr\/index.php\/wp-json\/wp\/v2\/pages\/98","targetHints":{"allow":["GET"]}}],"collection":[{"href":"https:\/\/rocksane.fr\/index.php\/wp-json\/wp\/v2\/pages"}],"about":[{"href":"https:\/\/rocksane.fr\/index.php\/wp-json\/wp\/v2\/types\/page"}],"author":[{"embeddable":true,"href":"https:\/\/rocksane.fr\/index.php\/wp-json\/wp\/v2\/users\/2"}],"replies":[{"embeddable":true,"href":"https:\/\/rocksane.fr\/index.php\/wp-json\/wp\/v2\/comments?post=98"}],"version-history":[{"count":28,"href":"https:\/\/rocksane.fr\/index.php\/wp-json\/wp\/v2\/pages\/98\/revisions"}],"predecessor-version":[{"id":2959,"href":"https:\/\/rocksane.fr\/index.php\/wp-json\/wp\/v2\/pages\/98\/revisions\/2959"}],"up":[{"embeddable":true,"href":"https:\/\/rocksane.fr\/index.php\/wp-json\/wp\/v2\/pages\/96"}],"wp:attachment":[{"href":"https:\/\/rocksane.fr\/index.php\/wp-json\/wp\/v2\/media?parent=98"}],"curies":[{"name":"wp","href":"https:\/\/api.w.org\/{rel}","templated":true}]}}