{"id":80,"date":"2024-03-12T17:04:10","date_gmt":"2024-03-12T16:04:10","guid":{"rendered":"https:\/\/rocksane.fr\/?page_id=80"},"modified":"2025-12-09T11:29:25","modified_gmt":"2025-12-09T10:29:25","slug":"association-overlook","status":"publish","type":"page","link":"https:\/\/rocksane.fr\/index.php\/le-rocksane\/association-overlook\/","title":{"rendered":"Association Overlook"},"content":{"rendered":"\t\t<div data-elementor-type=\"wp-page\" data-elementor-id=\"80\" class=\"elementor elementor-80\" data-elementor-settings=\"{&quot;ha_cmc_init_switcher&quot;:&quot;no&quot;}\">\n\t\t\t\t<div class=\"elementor-element elementor-element-5c85537c e-con-full e-flex e-con e-parent\" data-id=\"5c85537c\" data-element_type=\"container\" data-e-type=\"container\" data-settings=\"{&quot;background_background&quot;:&quot;classic&quot;,&quot;_ha_eqh_enable&quot;:false}\">\n\t\t<div class=\"elementor-element elementor-element-09112fc e-con-full e-flex e-con e-child\" data-id=\"09112fc\" data-element_type=\"container\" data-e-type=\"container\" data-settings=\"{&quot;background_background&quot;:&quot;classic&quot;,&quot;_ha_eqh_enable&quot;:false}\">\n\t\t\t\t<div class=\"elementor-element elementor-element-f4d1fb7 elementor-widget elementor-widget-video\" data-id=\"f4d1fb7\" data-element_type=\"widget\" data-e-type=\"widget\" data-settings=\"{&quot;youtube_url&quot;:&quot;https:\\\/\\\/youtu.be\\\/_yXH9X9lejk&quot;,&quot;autoplay&quot;:&quot;yes&quot;,&quot;play_on_mobile&quot;:&quot;yes&quot;,&quot;loop&quot;:&quot;yes&quot;,&quot;video_type&quot;:&quot;youtube&quot;,&quot;controls&quot;:&quot;yes&quot;}\" data-widget_type=\"video.default\">\n\t\t\t\t<div class=\"elementor-widget-container\">\n\t\t\t\t\t\t\t<div class=\"elementor-wrapper elementor-open-inline\">\n\t\t\t<div class=\"elementor-video\"><\/div>\t\t<\/div>\n\t\t\t\t\t\t<\/div>\n\t\t\t\t<\/div>\n\t\t\t\t<div class=\"elementor-element elementor-element-329c78b elementor-widget elementor-widget-text-editor\" data-id=\"329c78b\" data-element_type=\"widget\" data-e-type=\"widget\" data-widget_type=\"text-editor.default\">\n\t\t\t\t<div class=\"elementor-widget-container\">\n\t\t\t\t\t\t\t\t\t<p><span style=\"color: #000000;\">L\u2019association Overlook n\u00e9e en 1981 est agr\u00e9\u00e9e au titre de la Jeunesse et de l\u2019\u00c9ducation Populaire par la Direction D\u00e9partementale de la Jeunesse et des Sports depuis 1994.\u00a0<\/span><\/p><p><span style=\"color: #000000;\">Sa mission ? Promouvoir les musiques amplifi\u00e9es et actuelles sous toutes ses formes dans le Bergeracois. Elle \u00e9volue \u00e0 travers la diffusion, la cr\u00e9ation et la formation. Overlook soutient le d\u00e9veloppement de projets artistiques amateurs ou confirm\u00e9s et organise de nombreuses manifestations. Plus de 1000 concerts et 3000 groupes programm\u00e9s depuis 1981 ! <\/span><\/p>\t\t\t\t\t\t\t\t<\/div>\n\t\t\t\t<\/div>\n\t\t\t\t<div class=\"elementor-element elementor-element-0761537 elementor-widget elementor-widget-text-editor\" data-id=\"0761537\" data-element_type=\"widget\" data-e-type=\"widget\" data-widget_type=\"text-editor.default\">\n\t\t\t\t<div class=\"elementor-widget-container\">\n\t\t\t\t\t\t\t\t\t<h3><span style=\"color: #000000;\"><strong>Devenir adh\u00e9rent\u00b7e, pour quoi faire ?\u00a0<\/strong><\/span><\/h3><p><span style=\"color: #ffffff;\"><span style=\"color: #000000;\"><span style=\"font-weight: 400;\">Participer \u00e0 l\u2019\u00e9volution du projet en devenant b\u00e9n\u00e9vole : sur nos concerts, aide \u00e0 l\u2019organisation de soir\u00e9es d\u00e9di\u00e9es, se retrouver sur des temps conviviaux \u2026 B\u00e9n\u00e9ficier du tarif pr\u00e9f\u00e9rentiel sur nos \u00e9v\u00e9nements (concerts et festivals :<\/span><span style=\"font-weight: 400;\"> avantage d\u2019un tarif fixe en pr\u00e9vente et sur place<\/span><\/span><span style=\"font-weight: 400;\"><span style=\"color: #000000;\">). Enfin, pour acc\u00e9der aux studios de r\u00e9p\u00e9titions ou aux cours de musique, il est n\u00e9cessaire d\u2019\u00eatre adh\u00e9rent\u00b7e. En tant que membre de l\u2019association, vous serez \u00e9galement convi\u00e9\u00b7e chaque ann\u00e9e \u00e0 notre Assembl\u00e9e G\u00e9n\u00e9rale afin de prendre part aux d\u00e9cisions et aux id\u00e9es pour le futur de la structure.<\/span> <\/span><\/span><\/p>\t\t\t\t\t\t\t\t<\/div>\n\t\t\t\t<\/div>\n\t\t\t\t<div class=\"elementor-element elementor-element-ca7b3b4 elementor-widget elementor-widget-heading\" data-id=\"ca7b3b4\" data-element_type=\"widget\" data-e-type=\"widget\" data-widget_type=\"heading.default\">\n\t\t\t\t<div class=\"elementor-widget-container\">\n\t\t\t\t\t<h2 class=\"elementor-heading-title elementor-size-default\">ADH\u00c9RER \u00c0 L\u2019ASSOCIATION <\/h2>\t\t\t\t<\/div>\n\t\t\t\t<\/div>\n\t\t\t\t<div class=\"elementor-element elementor-element-77189d4 elementor-widget elementor-widget-heading\" data-id=\"77189d4\" data-element_type=\"widget\" data-e-type=\"widget\" data-widget_type=\"heading.default\">\n\t\t\t\t<div class=\"elementor-widget-container\">\n\t\t\t\t\t<h3 class=\"elementor-heading-title elementor-size-default\">DEVENIR B\u00c9N\u00c9VOLE <\/h3>\t\t\t\t<\/div>\n\t\t\t\t<\/div>\n\t\t\t\t<div class=\"elementor-element elementor-element-4144b29 elementor-widget elementor-widget-text-editor\" data-id=\"4144b29\" data-element_type=\"widget\" data-e-type=\"widget\" data-widget_type=\"text-editor.default\">\n\t\t\t\t<div class=\"elementor-widget-container\">\n\t\t\t\t\t\t\t\t\t<p><span style=\"font-weight: 400;\">Pour \u00eatre b\u00e9n\u00e9vole au Rocksane, vous avez l\u2019obligation l\u00e9gale d\u2019adh\u00e9rer \u00e0 l\u2019association Overlook. L\u2019adh\u00e9sion est valable sur une saison (de septembre \u00e0 juin). Votre adh\u00e9sion peut avoir lieu \u00e0 tout moment dans l\u2019ann\u00e9e. Pour \u00eatre membre, il faut en faire la demande aupr\u00e8s de l\u2019association, par le biais d\u2019un formulaire d\u2019adh\u00e9sion qui vous sera remis sur simple demande au Rocksane.\u00a0<\/span><\/p><p><strong><i>Pour les mineur\u00b7e\u00b7s, une autorisation parentale \u00e9crite est obligatoire.\u00a0<br \/><\/i><\/strong><span style=\"font-weight: 400;\">Tout membre de l\u2019association s\u2019acquitte d\u2019une cotisation pour la saison d\u2019un montant \u00a0<\/span><span style=\"font-weight: 400;\">de 15 \u20ac : celle-ci comprend l\u2019adh\u00e9sion \u00e0 l\u2019association ainsi qu\u2019une couverture en cas d\u2019accident. Les b\u00e9n\u00e9voles ont un r\u00f4le primordial au sein de l\u2019association. En participant \u00e0 l\u2019envers du d\u00e9cor, vous contribuez activement au projet artistique et culturel et permettez tout simplement que le lieu fonctionne. De tous \u00e2ges et de tous horizons, nos b\u00e9n\u00e9voles forment une grande famille qui a toujours plaisir \u00e0 se r\u00e9unir. Les missions op\u00e9rationnelles des b\u00e9n\u00e9voles s\u2019articulent principalement autour de 3 domaines : renfort les soirs de concerts et de nos festivals, participation \u00e0 la communication et la diffusion, et participation \u00e0 la vie du lieu et de la Rockschool. Dans ces missions, vous \u00eates toujours en lien avec un ou des salari\u00e9\u00b7e\u00b7s du Rocksane.<\/span><\/p>\t\t\t\t\t\t\t\t<\/div>\n\t\t\t\t<\/div>\n\t\t\t\t<div class=\"elementor-element elementor-element-211c7ec elementor-widget elementor-widget-heading\" data-id=\"211c7ec\" data-element_type=\"widget\" data-e-type=\"widget\" data-widget_type=\"heading.default\">\n\t\t\t\t<div class=\"elementor-widget-container\">\n\t\t\t\t\t<h2 class=\"elementor-heading-title elementor-size-default\">JE VEUX DEVENIR B\u00c9N\u00c9VOLE \u2193<\/h2>\t\t\t\t<\/div>\n\t\t\t\t<\/div>\n\t\t\t\t<div class=\"elementor-element elementor-element-db7052c elementor-widget elementor-widget-ha-wpform happy-addon ha-wpform\" data-id=\"db7052c\" data-element_type=\"widget\" data-e-type=\"widget\" data-widget_type=\"ha-wpform.default\">\n\t\t\t\t<div class=\"elementor-widget-container\">\n\t\t\t\t\t<style id=\"wpforms-css-vars-429\">\n\t\t\t\t#wpforms-429 {\n\t\t\t\t\n\t\t\t}\n\t\t\t<\/style><div class=\"wpforms-container wpforms-container-full wpforms-render-modern\" id=\"wpforms-429\"><form id=\"wpforms-form-429\" class=\"wpforms-validate wpforms-form wpforms-ajax-form\" data-formid=\"429\" method=\"post\" enctype=\"multipart\/form-data\" action=\"\/index.php\/wp-json\/wp\/v2\/pages\/80\" data-token=\"0661094c967b06d27b62f4c182170101\" data-token-time=\"1777298355\"><noscript class=\"wpforms-error-noscript\">Veuillez activer JavaScript dans votre navigateur pour remplir ce formulaire.<\/noscript><div id=\"wpforms-error-noscript\" style=\"display: none;\">Veuillez activer JavaScript dans votre navigateur pour remplir ce formulaire.<\/div><div class=\"wpforms-field-container\"><div id=\"wpforms-429-field_0-container\" class=\"wpforms-field wpforms-field-name\" data-field-id=\"0\"><fieldset><legend class=\"wpforms-field-label\">Nom <span class=\"wpforms-required-label\" aria-hidden=\"true\">*<\/span><\/legend><div class=\"wpforms-field-row wpforms-field-medium\"><div class=\"wpforms-field-row-block wpforms-first wpforms-one-half\"><input type=\"text\" id=\"wpforms-429-field_0\" class=\"wpforms-field-name-first wpforms-field-required\" name=\"wpforms[fields][0][first]\" aria-errormessage=\"wpforms-429-field_0-error\" required><label for=\"wpforms-429-field_0\" class=\"wpforms-field-sublabel after\">Pr\u00e9nom<\/label><\/div><div class=\"wpforms-field-row-block wpforms-one-half\"><input type=\"text\" id=\"wpforms-429-field_0-last\" class=\"wpforms-field-name-last wpforms-field-required\" name=\"wpforms[fields][0][last]\" aria-errormessage=\"wpforms-429-field_0-last-error\" required><label for=\"wpforms-429-field_0-last\" class=\"wpforms-field-sublabel after\">Nom<\/label><\/div><\/div><\/fieldset><\/div><div id=\"wpforms-429-field_1-container\" class=\"wpforms-field wpforms-field-email\" data-field-id=\"1\"><label class=\"wpforms-field-label\" for=\"wpforms-429-field_1\">E-mail <span class=\"wpforms-required-label\" aria-hidden=\"true\">*<\/span><\/label><input type=\"email\" id=\"wpforms-429-field_1\" class=\"wpforms-field-medium wpforms-field-required\" name=\"wpforms[fields][1]\" spellcheck=\"false\" aria-errormessage=\"wpforms-429-field_1-error\" required><\/div><div id=\"wpforms-429-field_2-container\" class=\"wpforms-field wpforms-field-textarea\" data-field-id=\"2\"><label class=\"wpforms-field-label\" for=\"wpforms-429-field_2\">Commentaire ou message<\/label><textarea id=\"wpforms-429-field_2\" class=\"wpforms-field-medium\" name=\"wpforms[fields][2]\" aria-errormessage=\"wpforms-429-field_2-error\" ><\/textarea><\/div><\/div><!-- .wpforms-field-container --><div class=\"wpforms-submit-container\" ><input type=\"hidden\" name=\"wpforms[id]\" value=\"429\"><input type=\"hidden\" name=\"page_title\" value=\"\"><input type=\"hidden\" name=\"page_url\" value=\"https:\/\/rocksane.fr\/index.php\/wp-json\/wp\/v2\/pages\/80\"><input type=\"hidden\" name=\"url_referer\" value=\"\"><button type=\"submit\" name=\"wpforms[submit]\" id=\"wpforms-submit-429\" class=\"wpforms-submit\" data-alt-text=\"Envoi...\" data-submit-text=\"Envoyer\" aria-live=\"assertive\" value=\"wpforms-submit\">Envoyer<\/button><img decoding=\"async\" src=\"https:\/\/rocksane.fr\/wp-content\/plugins\/wpforms-lite\/assets\/images\/submit-spin.svg\" class=\"wpforms-submit-spinner\" style=\"display: none;\" width=\"26\" height=\"26\" alt=\"Chargement en cours\"><\/div><\/form><\/div>  <!-- .wpforms-container -->\t\t\t\t<\/div>\n\t\t\t\t<\/div>\n\t\t\t\t<\/div>\n\t\t\t\t<\/div>\n\t\t\t\t<\/div>\n\t\t","protected":false},"excerpt":{"rendered":"<p>https:\/\/youtu.be\/_yXH9X9lejk L\u2019association Overlook n\u00e9e en 1981 est agr\u00e9\u00e9e au titre de la Jeunesse et de l\u2019\u00c9ducation Populaire par la Direction [&hellip;]<\/p>\n","protected":false},"author":2,"featured_media":0,"parent":76,"menu_order":0,"comment_status":"closed","ping_status":"closed","template":"","meta":{"site-sidebar-layout":"no-sidebar","site-content-layout":"","ast-site-content-layout":"full-width-container","site-content-style":"default","site-sidebar-style":"default","ast-global-header-display":"","ast-banner-title-visibility":"","ast-main-header-display":"","ast-hfb-above-header-display":"","ast-hfb-below-header-display":"","ast-hfb-mobile-header-display":"","site-post-title":"disabled","ast-breadcrumbs-content":"","ast-featured-img":"disabled","footer-sml-layout":"","ast-disable-related-posts":"","theme-transparent-header-meta":"","adv-header-id-meta":"","stick-header-meta":"","header-above-stick-meta":"","header-main-stick-meta":"","header-below-stick-meta":"","astra-migrate-meta-layouts":"default","ast-page-background-enabled":"default","ast-page-background-meta":{"desktop":{"background-color":"var(--ast-global-color-4)","background-image":"","background-repeat":"repeat","background-position":"center center","background-size":"auto","background-attachment":"scroll","background-type":"","background-media":"","overlay-type":"","overlay-color":"","overlay-opacity":"","overlay-gradient":""},"tablet":{"background-color":"","background-image":"","background-repeat":"repeat","background-position":"center center","background-size":"auto","background-attachment":"scroll","background-type":"","background-media":"","overlay-type":"","overlay-color":"","overlay-opacity":"","overlay-gradient":""},"mobile":{"background-color":"","background-image":"","background-repeat":"repeat","background-position":"center center","background-size":"auto","background-attachment":"scroll","background-type":"","background-media":"","overlay-type":"","overlay-color":"","overlay-opacity":"","overlay-gradient":""}},"ast-content-background-meta":{"desktop":{"background-color":"var(--ast-global-color-5)","background-image":"","background-repeat":"repeat","background-position":"center center","background-size":"auto","background-attachment":"scroll","background-type":"","background-media":"","overlay-type":"","overlay-color":"","overlay-opacity":"","overlay-gradient":""},"tablet":{"background-color":"var(--ast-global-color-5)","background-image":"","background-repeat":"repeat","background-position":"center center","background-size":"auto","background-attachment":"scroll","background-type":"","background-media":"","overlay-type":"","overlay-color":"","overlay-opacity":"","overlay-gradient":""},"mobile":{"background-color":"var(--ast-global-color-5)","background-image":"","background-repeat":"repeat","background-position":"center center","background-size":"auto","background-attachment":"scroll","background-type":"","background-media":"","overlay-type":"","overlay-color":"","overlay-opacity":"","overlay-gradient":""}},"footnotes":""},"class_list":["post-80","page","type-page","status-publish","hentry"],"_links":{"self":[{"href":"https:\/\/rocksane.fr\/index.php\/wp-json\/wp\/v2\/pages\/80","targetHints":{"allow":["GET"]}}],"collection":[{"href":"https:\/\/rocksane.fr\/index.php\/wp-json\/wp\/v2\/pages"}],"about":[{"href":"https:\/\/rocksane.fr\/index.php\/wp-json\/wp\/v2\/types\/page"}],"author":[{"embeddable":true,"href":"https:\/\/rocksane.fr\/index.php\/wp-json\/wp\/v2\/users\/2"}],"replies":[{"embeddable":true,"href":"https:\/\/rocksane.fr\/index.php\/wp-json\/wp\/v2\/comments?post=80"}],"version-history":[{"count":22,"href":"https:\/\/rocksane.fr\/index.php\/wp-json\/wp\/v2\/pages\/80\/revisions"}],"predecessor-version":[{"id":2806,"href":"https:\/\/rocksane.fr\/index.php\/wp-json\/wp\/v2\/pages\/80\/revisions\/2806"}],"up":[{"embeddable":true,"href":"https:\/\/rocksane.fr\/index.php\/wp-json\/wp\/v2\/pages\/76"}],"wp:attachment":[{"href":"https:\/\/rocksane.fr\/index.php\/wp-json\/wp\/v2\/media?parent=80"}],"curies":[{"name":"wp","href":"https:\/\/api.w.org\/{rel}","templated":true}]}}