{"id":3606,"date":"2026-02-09T16:22:17","date_gmt":"2026-02-09T15:22:17","guid":{"rendered":"https:\/\/rocksane.fr\/?page_id=3606"},"modified":"2026-02-26T16:05:25","modified_gmt":"2026-02-26T15:05:25","slug":"battle-bergerock","status":"publish","type":"page","link":"https:\/\/rocksane.fr\/index.php\/battle-bergerock\/","title":{"rendered":"BATTLE BERGEROCK"},"content":{"rendered":"\t\t<div data-elementor-type=\"wp-page\" data-elementor-id=\"3606\" class=\"elementor elementor-3606\" data-elementor-settings=\"{&quot;ha_cmc_init_switcher&quot;:&quot;no&quot;}\">\n\t\t\t\t<div class=\"elementor-element elementor-element-2403feb e-con-full e-flex e-con e-parent\" data-id=\"2403feb\" data-element_type=\"container\" data-e-type=\"container\" data-settings=\"{&quot;_ha_eqh_enable&quot;:false}\">\n\t\t\t\t<div class=\"elementor-element elementor-element-9249d75 elementor-widget elementor-widget-spacer\" data-id=\"9249d75\" data-element_type=\"widget\" data-e-type=\"widget\" data-widget_type=\"spacer.default\">\n\t\t\t\t<div class=\"elementor-widget-container\">\n\t\t\t\t\t\t\t<div class=\"elementor-spacer\">\n\t\t\t<div class=\"elementor-spacer-inner\"><\/div>\n\t\t<\/div>\n\t\t\t\t\t\t<\/div>\n\t\t\t\t<\/div>\n\t\t\t\t<div class=\"elementor-element elementor-element-d514a74 elementor-widget elementor-widget-text-editor\" data-id=\"d514a74\" data-element_type=\"widget\" data-e-type=\"widget\" data-widget_type=\"text-editor.default\">\n\t\t\t\t<div class=\"elementor-widget-container\">\n\t\t\t\t\t\t\t\t\t<p><span style=\"color: #000000; font-style: inherit; font-weight: inherit;\">BATTLE BERGEROCK<\/span><\/p><h1><span style=\"color: #000000; font-style: inherit; font-weight: inherit;\">w\/ Studio Gao<\/span><\/h1>\t\t\t\t\t\t\t\t<\/div>\n\t\t\t\t<\/div>\n\t\t\t\t<div class=\"elementor-element elementor-element-9dd21d4 elementor-widget-divider--view-line elementor-widget elementor-widget-divider\" data-id=\"9dd21d4\" data-element_type=\"widget\" data-e-type=\"widget\" data-widget_type=\"divider.default\">\n\t\t\t\t<div class=\"elementor-widget-container\">\n\t\t\t\t\t\t\t<div class=\"elementor-divider\">\n\t\t\t<span class=\"elementor-divider-separator\">\n\t\t\t\t\t\t<\/span>\n\t\t<\/div>\n\t\t\t\t\t\t<\/div>\n\t\t\t\t<\/div>\n\t\t\t\t<\/div>\n\t\t<div class=\"elementor-element elementor-element-48d9902 e-flex e-con-boxed e-con e-parent\" data-id=\"48d9902\" data-element_type=\"container\" data-e-type=\"container\" data-settings=\"{&quot;_ha_eqh_enable&quot;:false}\">\n\t\t\t\t\t<div class=\"e-con-inner\">\n\t\t\t\t<div class=\"elementor-element elementor-element-9cb814e elementor-widget__width-initial elementor-hidden-mobile elementor-widget elementor-widget-text-editor\" data-id=\"9cb814e\" data-element_type=\"widget\" data-e-type=\"widget\" data-widget_type=\"text-editor.default\">\n\t\t\t\t<div class=\"elementor-widget-container\">\n\t\t\t\t\t\t\t\t\t<h3><span style=\"color: #000000;\"><b>#BREAK<\/b><\/span><\/h3>\t\t\t\t\t\t\t\t<\/div>\n\t\t\t\t<\/div>\n\t\t\t\t<div class=\"elementor-element elementor-element-6046661 elementor-widget__width-initial elementor-hidden-mobile elementor-widget elementor-widget-text-editor\" data-id=\"6046661\" data-element_type=\"widget\" data-e-type=\"widget\" data-widget_type=\"text-editor.default\">\n\t\t\t\t<div class=\"elementor-widget-container\">\n\t\t\t\t\t\t\t\t\t<h5 style=\"text-align: left;\"><span style=\"color: #000000;\">Ateliers : 11h-13h<\/span><\/h5><h5 style=\"text-align: left;\"><span style=\"color: #000000;\">S\u00e9lection pour la battle : 14h&gt;16h<\/span><\/h5><h5 style=\"text-align: left;\"><span style=\"color: #000000;\"> Battle : 16h&gt;18h<\/span><\/h5><h4 style=\"text-align: left;\"><span style=\"color: #000000;\"><b>Ateliers : <\/b>15\u20ac\/1h, 25\u20ac\/2h<\/span><\/h4><div><h4 style=\"font-size: 1.41176rem; font-style: normal;\"><span style=\"color: #000000;\"><span style=\"font-weight: bold;\">Battle : <\/span>4\u20ac\/enfant, 8\u20ac\/adulte.\u00a0<\/span><span style=\"color: #000000; font-size: 1.41176rem;\">Gratuit pour les participant.es aux ateliers<\/span><\/h4><\/div>\t\t\t\t\t\t\t\t<\/div>\n\t\t\t\t<\/div>\n\t\t<div class=\"elementor-element elementor-element-f2327da e-con-full e-flex e-con e-child\" data-id=\"f2327da\" data-element_type=\"container\" data-e-type=\"container\" data-settings=\"{&quot;_ha_eqh_enable&quot;:false}\">\n\t\t\t\t<div class=\"elementor-element elementor-element-6af31b4 elementor-align-center elementor-widget elementor-widget-button\" data-id=\"6af31b4\" data-element_type=\"widget\" data-e-type=\"widget\" data-widget_type=\"button.default\">\n\t\t\t\t<div class=\"elementor-widget-container\">\n\t\t\t\t\t\t\t\t\t<div class=\"elementor-button-wrapper\">\n\t\t\t\t\t<a class=\"elementor-button elementor-button-link elementor-size-sm\" href=\"sms:+33769217757\">\n\t\t\t\t\t\t<span class=\"elementor-button-content-wrapper\">\n\t\t\t\t\t\t\t\t\t<span class=\"elementor-button-text\"><b>JE M'INSCRIS<\/b><\/span>\n\t\t\t\t\t<\/span>\n\t\t\t\t\t<\/a>\n\t\t\t\t<\/div>\n\t\t\t\t\t\t\t\t<\/div>\n\t\t\t\t<\/div>\n\t\t\t\t<\/div>\n\t\t\t\t\t<\/div>\n\t\t\t\t<\/div>\n\t\t<div class=\"elementor-element elementor-element-2e54a8b e-con-full e-flex e-con e-parent\" data-id=\"2e54a8b\" data-element_type=\"container\" data-e-type=\"container\" data-settings=\"{&quot;_ha_eqh_enable&quot;:false}\">\n\t\t\t\t<div class=\"elementor-element elementor-element-9ce5d99 elementor-widget-divider--view-line elementor-widget elementor-widget-divider\" data-id=\"9ce5d99\" data-element_type=\"widget\" data-e-type=\"widget\" data-widget_type=\"divider.default\">\n\t\t\t\t<div class=\"elementor-widget-container\">\n\t\t\t\t\t\t\t<div class=\"elementor-divider\">\n\t\t\t<span class=\"elementor-divider-separator\">\n\t\t\t\t\t\t<\/span>\n\t\t<\/div>\n\t\t\t\t\t\t<\/div>\n\t\t\t\t<\/div>\n\t\t\t\t<div class=\"elementor-element elementor-element-9b4a554 elementor-widget elementor-widget-heading\" data-id=\"9b4a554\" data-element_type=\"widget\" data-e-type=\"widget\" data-widget_type=\"heading.default\">\n\t\t\t\t<div class=\"elementor-widget-container\">\n\t\t\t\t\t<h2 class=\"elementor-heading-title elementor-size-default\">Samedi 21 mars<\/h2>\t\t\t\t<\/div>\n\t\t\t\t<\/div>\n\t\t\t\t<div class=\"elementor-element elementor-element-84b6025 elementor-widget elementor-widget-image\" data-id=\"84b6025\" data-element_type=\"widget\" data-e-type=\"widget\" data-widget_type=\"image.default\">\n\t\t\t\t<div class=\"elementor-widget-container\">\n\t\t\t\t\t\t\t\t\t\t\t\t\t\t\t<img fetchpriority=\"high\" decoding=\"async\" width=\"1536\" height=\"864\" src=\"https:\/\/rocksane.fr\/wp-content\/uploads\/2026\/02\/Copie-de-OPEN-MIC-BANNIERE-PHOTO-1536x864.png\" class=\"attachment-1536x1536 size-1536x1536 wp-image-3609\" alt=\"\" srcset=\"https:\/\/rocksane.fr\/wp-content\/uploads\/2026\/02\/Copie-de-OPEN-MIC-BANNIERE-PHOTO-1536x864.png 1536w, https:\/\/rocksane.fr\/wp-content\/uploads\/2026\/02\/Copie-de-OPEN-MIC-BANNIERE-PHOTO-300x169.png 300w, https:\/\/rocksane.fr\/wp-content\/uploads\/2026\/02\/Copie-de-OPEN-MIC-BANNIERE-PHOTO-1024x576.png 1024w, https:\/\/rocksane.fr\/wp-content\/uploads\/2026\/02\/Copie-de-OPEN-MIC-BANNIERE-PHOTO-768x432.png 768w, https:\/\/rocksane.fr\/wp-content\/uploads\/2026\/02\/Copie-de-OPEN-MIC-BANNIERE-PHOTO.png 1920w\" sizes=\"(max-width: 1536px) 100vw, 1536px\" \/>\t\t\t\t\t\t\t\t\t\t\t\t\t\t\t<\/div>\n\t\t\t\t<\/div>\n\t\t\t\t<\/div>\n\t\t<div class=\"elementor-element elementor-element-d2cf7c0 e-flex e-con-boxed e-con e-parent\" data-id=\"d2cf7c0\" data-element_type=\"container\" data-e-type=\"container\" data-settings=\"{&quot;_ha_eqh_enable&quot;:false}\">\n\t\t\t\t\t<div class=\"e-con-inner\">\n\t\t<div class=\"elementor-element elementor-element-12b1ea1 e-con-full e-flex e-con e-child\" data-id=\"12b1ea1\" data-element_type=\"container\" data-e-type=\"container\" data-settings=\"{&quot;_ha_eqh_enable&quot;:false}\">\n\t\t\t\t<div class=\"elementor-element elementor-element-f5183bb elementor-widget elementor-widget-heading\" data-id=\"f5183bb\" data-element_type=\"widget\" data-e-type=\"widget\" data-widget_type=\"heading.default\">\n\t\t\t\t<div class=\"elementor-widget-container\">\n\t\t\t\t\t<h2 class=\"elementor-heading-title elementor-size-default\">BATTLE DE BREAK<\/h2>\t\t\t\t<\/div>\n\t\t\t\t<\/div>\n\t\t\t\t<div class=\"elementor-element elementor-element-6ff2378 elementor-widget elementor-widget-heading\" data-id=\"6ff2378\" data-element_type=\"widget\" data-e-type=\"widget\" data-widget_type=\"heading.default\">\n\t\t\t\t<div class=\"elementor-widget-container\">\n\t\t\t\t\t<h5 class=\"elementor-heading-title elementor-size-default\">Ouvert \u00e0 tous.tes !<\/h5>\t\t\t\t<\/div>\n\t\t\t\t<\/div>\n\t\t\t\t<div class=\"elementor-element elementor-element-ffed700 elementor-widget__width-initial ha-has-bg-overlay elementor-widget elementor-widget-text-editor\" data-id=\"ffed700\" data-element_type=\"widget\" data-e-type=\"widget\" data-widget_type=\"text-editor.default\">\n\t\t\t\t<div class=\"elementor-widget-container\">\n\t\t\t\t\t\t\t\t\t<div class=\"x14z9mp xat24cr x1lziwak x1vvkbs xtlvy1s\"><span style=\"color: #000000;\">Au programme : une battle 2 VS 2 r\u00e9serv\u00e9e aux moins de 17 ans, avec des \u00e9quipes venues de toute l\u2019Aquitaine (Bergerac, Bordeaux, Marmande\u2026).<\/span><\/div><div class=\"x14z9mp xat24cr x1lziwak x1vvkbs xtlvy1s\"><span style=\"color: #000000;\">L\u2019\u00e9v\u00e9nement sera rythm\u00e9 par un show du Studio Gao \u00e0 l\u2019interlude, ainsi que par des stages anim\u00e9s par les juges du battle, offrant un moment de transmission et de partage autour de la culture hip-hop.<\/span><\/div><div class=\"x14z9mp xat24cr x1lziwak x1vvkbs xtlvy1s\"><span style=\"color: #000000;\">Un jury compos\u00e9 de 3 juges, accompagn\u00e9 d\u20191 MC et d\u20191 DJ professionnel.<\/span><\/div>\t\t\t\t\t\t\t\t<\/div>\n\t\t\t\t<\/div>\n\t\t\t\t<\/div>\n\t\t\t\t\t<\/div>\n\t\t\t\t<\/div>\n\t\t<div class=\"elementor-element elementor-element-af34cce e-flex e-con-boxed e-con e-parent\" data-id=\"af34cce\" data-element_type=\"container\" data-e-type=\"container\" data-settings=\"{&quot;_ha_eqh_enable&quot;:false}\">\n\t\t\t\t\t<div class=\"e-con-inner\">\n\t\t<div class=\"elementor-element elementor-element-02fec3c e-con-full e-flex e-con e-child\" data-id=\"02fec3c\" data-element_type=\"container\" data-e-type=\"container\" data-settings=\"{&quot;_ha_eqh_enable&quot;:false}\">\n\t\t\t\t<div class=\"elementor-element elementor-element-6b3ad8b elementor-widget elementor-widget-heading\" data-id=\"6b3ad8b\" data-element_type=\"widget\" data-e-type=\"widget\" data-widget_type=\"heading.default\">\n\t\t\t\t<div class=\"elementor-widget-container\">\n\t\t\t\t\t<h2 class=\"elementor-heading-title elementor-size-default\">ATELIERS<\/h2>\t\t\t\t<\/div>\n\t\t\t\t<\/div>\n\t\t\t\t<div class=\"elementor-element elementor-element-190a71a elementor-widget elementor-widget-heading\" data-id=\"190a71a\" data-element_type=\"widget\" data-e-type=\"widget\" data-widget_type=\"heading.default\">\n\t\t\t\t<div class=\"elementor-widget-container\">\n\t\t\t\t\t<h5 class=\"elementor-heading-title elementor-size-default\">Par le Studio Gao \/ Sur inscription<\/h5>\t\t\t\t<\/div>\n\t\t\t\t<\/div>\n\t\t\t\t<div class=\"elementor-element elementor-element-74e228f elementor-widget__width-initial ha-has-bg-overlay elementor-widget elementor-widget-text-editor\" data-id=\"74e228f\" data-element_type=\"widget\" data-e-type=\"widget\" data-widget_type=\"text-editor.default\">\n\t\t\t\t<div class=\"elementor-widget-container\">\n\t\t\t\t\t\t\t\t\t<div class=\"x14z9mp xat24cr x1lziwak x1vvkbs xtlvy1s\"><span style=\"color: #000000;\">Public : 6 \u00e0 17 ans<\/span><br class=\"html-br\" \/><span style=\"color: #000000;\">Jauge limit\u00e9e \u00e0 25 participant\u00b7es<\/span><br class=\"html-br\" \/><span style=\"color: #000000;\">Tarifs : 1 heure : 15 \u20ac \/ 2 heures : 25 \u20ac<\/span><br class=\"html-br\" \/><span style=\"color: #000000;\">Stages dispens\u00e9s par les juges du battle<\/span><\/div><div>\u00a0<\/div><div class=\"x14z9mp xat24cr x1lziwak x1vvkbs xtlvy1s\"><strong><span style=\"color: #000000;\">Inscriptions par SMS UNIQUEMENT au 07 69 21 77 57<\/span><\/strong><\/div>\t\t\t\t\t\t\t\t<\/div>\n\t\t\t\t<\/div>\n\t\t\t\t<\/div>\n\t\t\t\t\t<\/div>\n\t\t\t\t<\/div>\n\t\t<div class=\"elementor-element elementor-element-260e601 e-flex e-con-boxed e-con e-parent\" data-id=\"260e601\" data-element_type=\"container\" data-e-type=\"container\" data-settings=\"{&quot;_ha_eqh_enable&quot;:false}\">\n\t\t\t\t\t<div class=\"e-con-inner\">\n\t\t\t\t<div class=\"elementor-element elementor-element-3571d55 elementor-widget elementor-widget-spacer\" data-id=\"3571d55\" data-element_type=\"widget\" data-e-type=\"widget\" data-widget_type=\"spacer.default\">\n\t\t\t\t<div class=\"elementor-widget-container\">\n\t\t\t\t\t\t\t<div class=\"elementor-spacer\">\n\t\t\t<div class=\"elementor-spacer-inner\"><\/div>\n\t\t<\/div>\n\t\t\t\t\t\t<\/div>\n\t\t\t\t<\/div>\n\t\t\t\t\t<\/div>\n\t\t\t\t<\/div>\n\t\t\t\t<\/div>\n\t\t","protected":false},"excerpt":{"rendered":"<p>BATTLE BERGEROCK w\/ Studio Gao #BREAK Ateliers : 11h-13h S\u00e9lection pour la battle : 14h&gt;16h Battle : 16h&gt;18h Ateliers : [&hellip;]<\/p>\n","protected":false},"author":3,"featured_media":0,"parent":0,"menu_order":0,"comment_status":"closed","ping_status":"closed","template":"","meta":{"site-sidebar-layout":"default","site-content-layout":"","ast-site-content-layout":"","site-content-style":"default","site-sidebar-style":"default","ast-global-header-display":"","ast-banner-title-visibility":"","ast-main-header-display":"","ast-hfb-above-header-display":"","ast-hfb-below-header-display":"","ast-hfb-mobile-header-display":"","site-post-title":"disabled","ast-breadcrumbs-content":"","ast-featured-img":"","footer-sml-layout":"","ast-disable-related-posts":"","theme-transparent-header-meta":"","adv-header-id-meta":"","stick-header-meta":"","header-above-stick-meta":"","header-main-stick-meta":"","header-below-stick-meta":"","astra-migrate-meta-layouts":"default","ast-page-background-enabled":"default","ast-page-background-meta":{"desktop":{"background-color":"var(--ast-global-color-4)","background-image":"","background-repeat":"repeat","background-position":"center center","background-size":"auto","background-attachment":"scroll","background-type":"","background-media":"","overlay-type":"","overlay-color":"","overlay-gradient":""},"tablet":{"background-color":"","background-image":"","background-repeat":"repeat","background-position":"center center","background-size":"auto","background-attachment":"scroll","background-type":"","background-media":"","overlay-type":"","overlay-color":"","overlay-gradient":""},"mobile":{"background-color":"","background-image":"","background-repeat":"repeat","background-position":"center center","background-size":"auto","background-attachment":"scroll","background-type":"","background-media":"","overlay-type":"","overlay-color":"","overlay-gradient":""}},"ast-content-background-meta":{"desktop":{"background-color":"var(--ast-global-color-5)","background-image":"","background-repeat":"repeat","background-position":"center center","background-size":"auto","background-attachment":"scroll","background-type":"","background-media":"","overlay-type":"","overlay-color":"","overlay-gradient":""},"tablet":{"background-color":"var(--ast-global-color-5)","background-image":"","background-repeat":"repeat","background-position":"center center","background-size":"auto","background-attachment":"scroll","background-type":"","background-media":"","overlay-type":"","overlay-color":"","overlay-gradient":""},"mobile":{"background-color":"var(--ast-global-color-5)","background-image":"","background-repeat":"repeat","background-position":"center center","background-size":"auto","background-attachment":"scroll","background-type":"","background-media":"","overlay-type":"","overlay-color":"","overlay-gradient":""}},"footnotes":""},"class_list":["post-3606","page","type-page","status-publish","hentry"],"_links":{"self":[{"href":"https:\/\/rocksane.fr\/index.php\/wp-json\/wp\/v2\/pages\/3606","targetHints":{"allow":["GET"]}}],"collection":[{"href":"https:\/\/rocksane.fr\/index.php\/wp-json\/wp\/v2\/pages"}],"about":[{"href":"https:\/\/rocksane.fr\/index.php\/wp-json\/wp\/v2\/types\/page"}],"author":[{"embeddable":true,"href":"https:\/\/rocksane.fr\/index.php\/wp-json\/wp\/v2\/users\/3"}],"replies":[{"embeddable":true,"href":"https:\/\/rocksane.fr\/index.php\/wp-json\/wp\/v2\/comments?post=3606"}],"version-history":[{"count":13,"href":"https:\/\/rocksane.fr\/index.php\/wp-json\/wp\/v2\/pages\/3606\/revisions"}],"predecessor-version":[{"id":3668,"href":"https:\/\/rocksane.fr\/index.php\/wp-json\/wp\/v2\/pages\/3606\/revisions\/3668"}],"wp:attachment":[{"href":"https:\/\/rocksane.fr\/index.php\/wp-json\/wp\/v2\/media?parent=3606"}],"curies":[{"name":"wp","href":"https:\/\/api.w.org\/{rel}","templated":true}]}}