{"id":111,"date":"2024-03-12T17:29:50","date_gmt":"2024-03-12T16:29:50","guid":{"rendered":"https:\/\/rocksane.fr\/?page_id=111"},"modified":"2025-12-09T12:54:24","modified_gmt":"2025-12-09T11:54:24","slug":"billetterie","status":"publish","type":"page","link":"https:\/\/rocksane.fr\/index.php\/billetterie\/","title":{"rendered":"Billetterie"},"content":{"rendered":"\t\t<div data-elementor-type=\"wp-page\" data-elementor-id=\"111\" class=\"elementor elementor-111\" data-elementor-settings=\"{&quot;ha_cmc_init_switcher&quot;:&quot;no&quot;}\">\n\t\t\t\t<div class=\"elementor-element elementor-element-7f78d2d5 e-flex e-con-boxed e-con e-parent\" data-id=\"7f78d2d5\" data-element_type=\"container\" data-e-type=\"container\" data-settings=\"{&quot;_ha_eqh_enable&quot;:false}\">\n\t\t\t\t\t<div class=\"e-con-inner\">\n\t\t\t\t<div class=\"elementor-element elementor-element-947347a elementor-widget elementor-widget-spacer\" data-id=\"947347a\" data-element_type=\"widget\" data-e-type=\"widget\" data-widget_type=\"spacer.default\">\n\t\t\t\t<div class=\"elementor-widget-container\">\n\t\t\t\t\t\t\t<div class=\"elementor-spacer\">\n\t\t\t<div class=\"elementor-spacer-inner\"><\/div>\n\t\t<\/div>\n\t\t\t\t\t\t<\/div>\n\t\t\t\t<\/div>\n\t\t\t\t<div class=\"elementor-element elementor-element-4b10f7f6 elementor-widget elementor-widget-heading\" data-id=\"4b10f7f6\" data-element_type=\"widget\" data-e-type=\"widget\" data-widget_type=\"heading.default\">\n\t\t\t\t<div class=\"elementor-widget-container\">\n\t\t\t\t\t<p class=\"elementor-heading-title elementor-size-default\">BILLETTERIE<\/p>\t\t\t\t<\/div>\n\t\t\t\t<\/div>\n\t\t\t\t<div class=\"elementor-element elementor-element-902e64c elementor-widget elementor-widget-spacer\" data-id=\"902e64c\" data-element_type=\"widget\" data-e-type=\"widget\" data-widget_type=\"spacer.default\">\n\t\t\t\t<div class=\"elementor-widget-container\">\n\t\t\t\t\t\t\t<div class=\"elementor-spacer\">\n\t\t\t<div class=\"elementor-spacer-inner\"><\/div>\n\t\t<\/div>\n\t\t\t\t\t\t<\/div>\n\t\t\t\t<\/div>\n\t\t\t\t\t<\/div>\n\t\t\t\t<\/div>\n\t\t<div class=\"elementor-element elementor-element-4d39c27 e-flex e-con-boxed e-con e-parent\" data-id=\"4d39c27\" data-element_type=\"container\" data-e-type=\"container\" data-settings=\"{&quot;_ha_eqh_enable&quot;:false}\">\n\t\t\t\t\t<div class=\"e-con-inner\">\n\t\t\t\t<div class=\"elementor-element elementor-element-66ce160 elementor-widget elementor-widget-html\" data-id=\"66ce160\" data-element_type=\"widget\" data-e-type=\"widget\" data-widget_type=\"html.default\">\n\t\t\t\t<div class=\"elementor-widget-container\">\n\t\t\t\t\t<a title=\"Logiciel billetterie en ligne\" href=\"https:\/\/www.weezevent.com\/widget_multi.php?36420.2.1.bo\" class=\"weezevent-widget-integration\" target=\"_blank\" data-src=\"https:\/\/www.weezevent.com\/widget_multi.php?36420.2.1.bo\" data-width=\"750\" data-height=\"750\" data-id=\"multi\" data-resize=\"0\" data-npb=\"0\" data-width_auto=\"0\">Billetterie Weezevent<\/a><script type=\"text\/javascript\" src=\"https:\/\/www.weezevent.com\/js\/widget\/min\/widget.min.js\"><\/script>\t\t\t\t<\/div>\n\t\t\t\t<\/div>\n\t\t\t\t<div class=\"elementor-element elementor-element-7dbcdb0 elementor-widget elementor-widget-text-editor\" data-id=\"7dbcdb0\" data-element_type=\"widget\" data-e-type=\"widget\" data-widget_type=\"text-editor.default\">\n\t\t\t\t<div class=\"elementor-widget-container\">\n\t\t\t\t\t\t\t\t\t<h2><span style=\"color: #ffffff;\"><b>*Rappel de notre politique tarifaire<\/b><\/span><\/h2><p><span style=\"color: #ffffff;\"><b>Tarif pr\u00e9vente (TP) <\/b><span style=\"font-weight: 400;\">: tarif disponible <\/span><span style=\"font-weight: 400;\">en ligne<\/span><span style=\"font-weight: 400;\"> et sur place du mercredi au vendredi de 16h \u00e0 20h.<br \/><\/span><b>Tarif sur place:<\/b><span style=\"font-weight: 400;\"> le tarif pratiqu\u00e9 \u00e0 l&rsquo;entr\u00e9e de la salle les soirs de concert est major\u00e9 de 2 euros (<\/span><i><span style=\"font-weight: 400;\">sauf mention contraire<\/span><\/i><span style=\"font-weight: 400;\">) sur le tarif pr\u00e9vente.<br \/><\/span><b>Tarif adh\u00e9rent (TA) <\/b><span style=\"font-weight: 400;\">: <\/span><span style=\"font-weight: 400;\">prix fixe en pr\u00e9vente et sur place.<br \/><\/span><b>Tarif r\u00e9duit (TR) :<\/b><span style=\"font-weight: 400;\"> moins de 18 ans, \u00e9tudiants, demandeurs d\u2019emploi et b\u00e9n\u00e9ficiaires du RSA, personnes en situation de handicap, familles nombreuses, sur pr\u00e9sentation de justificatif.<br \/><\/span><b>Pass Culture : <\/b><span style=\"font-weight: 400;\">pour les jeunes entre 15 et 18 ans, il est possible de profiter du Pass Culture sur tous nos concerts.<br \/><\/span><b>Gratuit pour les moins de 12 ans <\/b><i><span style=\"font-weight: 400;\">(sur pr\u00e9sentation de carte d\u2019identit\u00e9)<\/span><\/i><\/span><\/p>\t\t\t\t\t\t\t\t<\/div>\n\t\t\t\t<\/div>\n\t\t\t\t\t<\/div>\n\t\t\t\t<\/div>\n\t\t\t\t<\/div>\n\t\t","protected":false},"excerpt":{"rendered":"<p>BILLETTERIE Billetterie Weezevent *Rappel de notre politique tarifaire Tarif pr\u00e9vente (TP) : tarif disponible en ligne et sur place du [&hellip;]<\/p>\n","protected":false},"author":3,"featured_media":0,"parent":0,"menu_order":0,"comment_status":"closed","ping_status":"closed","template":"","meta":{"site-sidebar-layout":"no-sidebar","site-content-layout":"","ast-site-content-layout":"full-width-container","site-content-style":"default","site-sidebar-style":"default","ast-global-header-display":"","ast-banner-title-visibility":"","ast-main-header-display":"","ast-hfb-above-header-display":"","ast-hfb-below-header-display":"","ast-hfb-mobile-header-display":"","site-post-title":"disabled","ast-breadcrumbs-content":"","ast-featured-img":"disabled","footer-sml-layout":"","ast-disable-related-posts":"","theme-transparent-header-meta":"","adv-header-id-meta":"","stick-header-meta":"","header-above-stick-meta":"","header-main-stick-meta":"","header-below-stick-meta":"","astra-migrate-meta-layouts":"default","ast-page-background-enabled":"default","ast-page-background-meta":{"desktop":{"background-color":"var(--ast-global-color-4)","background-image":"","background-repeat":"repeat","background-position":"center center","background-size":"auto","background-attachment":"scroll","background-type":"","background-media":"","overlay-type":"","overlay-color":"","overlay-opacity":"","overlay-gradient":""},"tablet":{"background-color":"","background-image":"","background-repeat":"repeat","background-position":"center center","background-size":"auto","background-attachment":"scroll","background-type":"","background-media":"","overlay-type":"","overlay-color":"","overlay-opacity":"","overlay-gradient":""},"mobile":{"background-color":"","background-image":"","background-repeat":"repeat","background-position":"center center","background-size":"auto","background-attachment":"scroll","background-type":"","background-media":"","overlay-type":"","overlay-color":"","overlay-opacity":"","overlay-gradient":""}},"ast-content-background-meta":{"desktop":{"background-color":"var(--ast-global-color-5)","background-image":"","background-repeat":"repeat","background-position":"center center","background-size":"auto","background-attachment":"scroll","background-type":"","background-media":"","overlay-type":"","overlay-color":"","overlay-opacity":"","overlay-gradient":""},"tablet":{"background-color":"var(--ast-global-color-5)","background-image":"","background-repeat":"repeat","background-position":"center center","background-size":"auto","background-attachment":"scroll","background-type":"","background-media":"","overlay-type":"","overlay-color":"","overlay-opacity":"","overlay-gradient":""},"mobile":{"background-color":"var(--ast-global-color-5)","background-image":"","background-repeat":"repeat","background-position":"center center","background-size":"auto","background-attachment":"scroll","background-type":"","background-media":"","overlay-type":"","overlay-color":"","overlay-opacity":"","overlay-gradient":""}},"footnotes":""},"class_list":["post-111","page","type-page","status-publish","hentry"],"_links":{"self":[{"href":"https:\/\/rocksane.fr\/index.php\/wp-json\/wp\/v2\/pages\/111","targetHints":{"allow":["GET"]}}],"collection":[{"href":"https:\/\/rocksane.fr\/index.php\/wp-json\/wp\/v2\/pages"}],"about":[{"href":"https:\/\/rocksane.fr\/index.php\/wp-json\/wp\/v2\/types\/page"}],"author":[{"embeddable":true,"href":"https:\/\/rocksane.fr\/index.php\/wp-json\/wp\/v2\/users\/3"}],"replies":[{"embeddable":true,"href":"https:\/\/rocksane.fr\/index.php\/wp-json\/wp\/v2\/comments?post=111"}],"version-history":[{"count":16,"href":"https:\/\/rocksane.fr\/index.php\/wp-json\/wp\/v2\/pages\/111\/revisions"}],"predecessor-version":[{"id":2881,"href":"https:\/\/rocksane.fr\/index.php\/wp-json\/wp\/v2\/pages\/111\/revisions\/2881"}],"wp:attachment":[{"href":"https:\/\/rocksane.fr\/index.php\/wp-json\/wp\/v2\/media?parent=111"}],"curies":[{"name":"wp","href":"https:\/\/api.w.org\/{rel}","templated":true}]}}