{"id":107,"date":"2024-03-12T17:28:55","date_gmt":"2024-03-12T16:28:55","guid":{"rendered":"https:\/\/rocksane.fr\/?page_id=107"},"modified":"2025-12-09T12:28:12","modified_gmt":"2025-12-09T11:28:12","slug":"studios","status":"publish","type":"page","link":"https:\/\/rocksane.fr\/index.php\/rockschool\/studios\/","title":{"rendered":"Studios"},"content":{"rendered":"\t\t<div data-elementor-type=\"wp-page\" data-elementor-id=\"107\" class=\"elementor elementor-107\" data-elementor-settings=\"{&quot;ha_cmc_init_switcher&quot;:&quot;no&quot;}\">\n\t\t\t\t<div class=\"elementor-element elementor-element-c48fd04 e-flex e-con-boxed e-con e-parent\" data-id=\"c48fd04\" data-element_type=\"container\" data-e-type=\"container\" data-settings=\"{&quot;_ha_eqh_enable&quot;:false}\">\n\t\t\t\t\t<div class=\"e-con-inner\">\n\t\t\t\t<div class=\"elementor-element elementor-element-f28d969 elementor-widget elementor-widget-spacer\" data-id=\"f28d969\" data-element_type=\"widget\" data-e-type=\"widget\" data-widget_type=\"spacer.default\">\n\t\t\t\t<div class=\"elementor-widget-container\">\n\t\t\t\t\t\t\t<div class=\"elementor-spacer\">\n\t\t\t<div class=\"elementor-spacer-inner\"><\/div>\n\t\t<\/div>\n\t\t\t\t\t\t<\/div>\n\t\t\t\t<\/div>\n\t\t\t\t<div class=\"elementor-element elementor-element-9eb3449 elementor-widget elementor-widget-heading\" data-id=\"9eb3449\" data-element_type=\"widget\" data-e-type=\"widget\" data-widget_type=\"heading.default\">\n\t\t\t\t<div class=\"elementor-widget-container\">\n\t\t\t\t\t<p class=\"elementor-heading-title elementor-size-default\">LOCATION DE STUDIOS<\/p>\t\t\t\t<\/div>\n\t\t\t\t<\/div>\n\t\t\t\t\t<\/div>\n\t\t\t\t<\/div>\n\t\t<div class=\"elementor-element elementor-element-ea4cb42 e-flex e-con-boxed e-con e-parent\" data-id=\"ea4cb42\" data-element_type=\"container\" data-e-type=\"container\" data-settings=\"{&quot;_ha_eqh_enable&quot;:false}\">\n\t\t\t\t\t<div class=\"e-con-inner\">\n\t\t\t\t<div class=\"elementor-element elementor-element-215c4af elementor-widget elementor-widget-spacer\" data-id=\"215c4af\" data-element_type=\"widget\" data-e-type=\"widget\" data-widget_type=\"spacer.default\">\n\t\t\t\t<div class=\"elementor-widget-container\">\n\t\t\t\t\t\t\t<div class=\"elementor-spacer\">\n\t\t\t<div class=\"elementor-spacer-inner\"><\/div>\n\t\t<\/div>\n\t\t\t\t\t\t<\/div>\n\t\t\t\t<\/div>\n\t\t\t\t\t<\/div>\n\t\t\t\t<\/div>\n\t\t<div class=\"elementor-element elementor-element-78e855b8 e-con-full e-flex e-con e-parent\" data-id=\"78e855b8\" data-element_type=\"container\" data-e-type=\"container\" data-settings=\"{&quot;background_background&quot;:&quot;classic&quot;,&quot;_ha_eqh_enable&quot;:false}\">\n\t\t<div class=\"elementor-element elementor-element-4a4eae2 e-flex e-con-boxed e-con e-child\" data-id=\"4a4eae2\" data-element_type=\"container\" data-e-type=\"container\" data-settings=\"{&quot;_ha_eqh_enable&quot;:false}\">\n\t\t\t\t\t<div class=\"e-con-inner\">\n\t\t\t\t<div class=\"elementor-element elementor-element-6dfe14c elementor-widget elementor-widget-text-editor\" data-id=\"6dfe14c\" data-element_type=\"widget\" data-e-type=\"widget\" data-widget_type=\"text-editor.default\">\n\t\t\t\t<div class=\"elementor-widget-container\">\n\t\t\t\t\t\t\t\t\t<h4><span style=\"color: #ffffff;\">Bon \u00e0 savoir :\u00a0<\/span><\/h4><h4><span style=\"font-weight: 400; color: #ffffff;\">La mise \u00e0 disposition des trois studios de r\u00e9p\u00e9tition se fait apr\u00e8s une adh\u00e9sion \u00e0 l&rsquo;association (inscription d\u2019adh\u00e9rent). Vous b\u00e9n\u00e9ficiez ensuite des m\u00eames avantages que tous les adh\u00e9rents.<\/span><\/h4><p><span style=\"font-weight: 400; color: #ffffff;\">Vous voulez vous entra\u00eener ? R\u00e9p\u00e9ter avec vos amis, coll\u00e8gues, familles, ou votre groupe ? <\/span><span style=\"font-weight: 400; color: #ffffff;\">Nos studios sont disponibles \u00e0 la r\u00e9servation en dehors des occupations des cours.<\/span><\/p><p><span style=\"text-decoration: underline;\"><strong><span style=\"color: #ffffff; text-decoration: underline;\">Tarifs :\u00a0<\/span><\/strong><\/span><\/p><p><strong><span style=\"color: #ffffff;\">Studio 1 et 2 : 6\u20ac de l\u2019heure<\/span><\/strong><\/p><p><strong><span style=\"color: #ffffff;\">Studio 3 : 7\u20ac de l\u2019heure<\/span><\/strong><\/p><p><strong><span style=\"color: #ffffff;\">Carte 12h (r\u00e9servation par cr\u00e9neaux de 2h minimum) : 66\u20ac (soit 5,5\u20ac de l\u2019heure)<\/span><\/strong><\/p><h6><span style=\"color: #ffffff;\"><b>&gt; R\u00e9servation au 05 53 63 03 70<\/b><\/span><\/h6>\t\t\t\t\t\t\t\t<\/div>\n\t\t\t\t<\/div>\n\t\t<div class=\"elementor-element elementor-element-3cba967 e-flex e-con-boxed e-con e-child\" data-id=\"3cba967\" data-element_type=\"container\" data-e-type=\"container\" data-settings=\"{&quot;_ha_eqh_enable&quot;:false}\">\n\t\t\t\t\t<div class=\"e-con-inner\">\n\t\t<div class=\"elementor-element elementor-element-d0697f3 e-flex e-con-boxed e-con e-child\" data-id=\"d0697f3\" data-element_type=\"container\" data-e-type=\"container\" data-settings=\"{&quot;_ha_eqh_enable&quot;:false}\">\n\t\t\t\t\t<div class=\"e-con-inner\">\n\t\t\t\t<div class=\"elementor-element elementor-element-4a808b9 elementor-widget elementor-widget-image\" data-id=\"4a808b9\" data-element_type=\"widget\" data-e-type=\"widget\" data-widget_type=\"image.default\">\n\t\t\t\t<div class=\"elementor-widget-container\">\n\t\t\t\t\t\t\t\t\t\t\t\t\t\t\t<img fetchpriority=\"high\" decoding=\"async\" width=\"768\" height=\"1024\" src=\"https:\/\/rocksane.fr\/wp-content\/uploads\/2024\/03\/STUDIOS-LOCATION-DE-STUDIOS-DE-REPETITION-2.jpeg\" class=\"attachment-large size-large wp-image-445\" alt=\"\" srcset=\"https:\/\/rocksane.fr\/wp-content\/uploads\/2024\/03\/STUDIOS-LOCATION-DE-STUDIOS-DE-REPETITION-2.jpeg 768w, https:\/\/rocksane.fr\/wp-content\/uploads\/2024\/03\/STUDIOS-LOCATION-DE-STUDIOS-DE-REPETITION-2-225x300.jpeg 225w\" sizes=\"(max-width: 768px) 100vw, 768px\" \/>\t\t\t\t\t\t\t\t\t\t\t\t\t\t\t<\/div>\n\t\t\t\t<\/div>\n\t\t\t\t\t<\/div>\n\t\t\t\t<\/div>\n\t\t<div class=\"elementor-element elementor-element-e349803 e-flex e-con-boxed e-con e-child\" data-id=\"e349803\" data-element_type=\"container\" data-e-type=\"container\" data-settings=\"{&quot;_ha_eqh_enable&quot;:false}\">\n\t\t\t\t\t<div class=\"e-con-inner\">\n\t\t\t\t<div class=\"elementor-element elementor-element-d205117 elementor-widget elementor-widget-image\" data-id=\"d205117\" data-element_type=\"widget\" data-e-type=\"widget\" data-widget_type=\"image.default\">\n\t\t\t\t<div class=\"elementor-widget-container\">\n\t\t\t\t\t\t\t\t\t\t\t\t<figure class=\"wp-caption\">\n\t\t\t\t\t\t\t\t\t\t<img decoding=\"async\" width=\"768\" height=\"1024\" src=\"https:\/\/rocksane.fr\/wp-content\/uploads\/2024\/03\/STUDIOS-LOCATION-DE-STUDIOS-DE-REPETITION.jpeg\" class=\"attachment-large size-large wp-image-447\" alt=\"\" srcset=\"https:\/\/rocksane.fr\/wp-content\/uploads\/2024\/03\/STUDIOS-LOCATION-DE-STUDIOS-DE-REPETITION.jpeg 768w, https:\/\/rocksane.fr\/wp-content\/uploads\/2024\/03\/STUDIOS-LOCATION-DE-STUDIOS-DE-REPETITION-225x300.jpeg 225w\" sizes=\"(max-width: 768px) 100vw, 768px\" \/>\t\t\t\t\t\t\t\t\t\t\t<figcaption class=\"widget-image-caption wp-caption-text\">Acc\u00e8s aux 3 studios<\/figcaption>\n\t\t\t\t\t\t\t\t\t\t<\/figure>\n\t\t\t\t\t\t\t\t\t<\/div>\n\t\t\t\t<\/div>\n\t\t\t\t\t<\/div>\n\t\t\t\t<\/div>\n\t\t<div class=\"elementor-element elementor-element-3274320 e-flex e-con-boxed e-con e-child\" data-id=\"3274320\" data-element_type=\"container\" data-e-type=\"container\" data-settings=\"{&quot;_ha_eqh_enable&quot;:false}\">\n\t\t\t\t\t<div class=\"e-con-inner\">\n\t\t\t\t<div class=\"elementor-element elementor-element-e495016 elementor-widget elementor-widget-image\" data-id=\"e495016\" data-element_type=\"widget\" data-e-type=\"widget\" data-widget_type=\"image.default\">\n\t\t\t\t<div class=\"elementor-widget-container\">\n\t\t\t\t\t\t\t\t\t\t\t\t<figure class=\"wp-caption\">\n\t\t\t\t\t\t\t\t\t\t<img decoding=\"async\" width=\"768\" height=\"1024\" src=\"https:\/\/rocksane.fr\/wp-content\/uploads\/2024\/03\/STUDIOS-LOCATION-DE-STUDIOS-DE-REPETITION-3.jpeg\" class=\"attachment-large size-large wp-image-444\" alt=\"\" srcset=\"https:\/\/rocksane.fr\/wp-content\/uploads\/2024\/03\/STUDIOS-LOCATION-DE-STUDIOS-DE-REPETITION-3.jpeg 768w, https:\/\/rocksane.fr\/wp-content\/uploads\/2024\/03\/STUDIOS-LOCATION-DE-STUDIOS-DE-REPETITION-3-225x300.jpeg 225w\" sizes=\"(max-width: 768px) 100vw, 768px\" \/>\t\t\t\t\t\t\t\t\t\t\t<figcaption class=\"widget-image-caption wp-caption-text\">Studio 3<\/figcaption>\n\t\t\t\t\t\t\t\t\t\t<\/figure>\n\t\t\t\t\t\t\t\t\t<\/div>\n\t\t\t\t<\/div>\n\t\t\t\t\t<\/div>\n\t\t\t\t<\/div>\n\t\t<div class=\"elementor-element elementor-element-f3f3995 e-flex e-con-boxed e-con e-child\" data-id=\"f3f3995\" data-element_type=\"container\" data-e-type=\"container\" data-settings=\"{&quot;_ha_eqh_enable&quot;:false}\">\n\t\t\t\t\t<div class=\"e-con-inner\">\n\t\t\t\t<div class=\"elementor-element elementor-element-5c54bcb elementor-widget elementor-widget-image\" data-id=\"5c54bcb\" data-element_type=\"widget\" data-e-type=\"widget\" data-widget_type=\"image.default\">\n\t\t\t\t<div class=\"elementor-widget-container\">\n\t\t\t\t\t\t\t\t\t\t\t\t<figure class=\"wp-caption\">\n\t\t\t\t\t\t\t\t\t\t<img loading=\"lazy\" decoding=\"async\" width=\"768\" height=\"1024\" src=\"https:\/\/rocksane.fr\/wp-content\/uploads\/2024\/03\/WhatsApp-Image-2024-02-07-at-11.10.58.jpeg\" class=\"attachment-large size-large wp-image-446\" alt=\"\" srcset=\"https:\/\/rocksane.fr\/wp-content\/uploads\/2024\/03\/WhatsApp-Image-2024-02-07-at-11.10.58.jpeg 768w, https:\/\/rocksane.fr\/wp-content\/uploads\/2024\/03\/WhatsApp-Image-2024-02-07-at-11.10.58-225x300.jpeg 225w\" sizes=\"(max-width: 768px) 100vw, 768px\" \/>\t\t\t\t\t\t\t\t\t\t\t<figcaption class=\"widget-image-caption wp-caption-text\">Studio 1<\/figcaption>\n\t\t\t\t\t\t\t\t\t\t<\/figure>\n\t\t\t\t\t\t\t\t\t<\/div>\n\t\t\t\t<\/div>\n\t\t\t\t\t<\/div>\n\t\t\t\t<\/div>\n\t\t\t\t\t<\/div>\n\t\t\t\t<\/div>\n\t\t\t\t\t<\/div>\n\t\t\t\t<\/div>\n\t\t\t\t<\/div>\n\t\t\t\t<\/div>\n\t\t","protected":false},"excerpt":{"rendered":"<p>LOCATION DE STUDIOS Bon \u00e0 savoir :\u00a0 La mise \u00e0 disposition des trois studios de r\u00e9p\u00e9tition se fait apr\u00e8s une [&hellip;]<\/p>\n","protected":false},"author":2,"featured_media":0,"parent":96,"menu_order":0,"comment_status":"closed","ping_status":"closed","template":"","meta":{"site-sidebar-layout":"no-sidebar","site-content-layout":"","ast-site-content-layout":"full-width-container","site-content-style":"default","site-sidebar-style":"default","ast-global-header-display":"","ast-banner-title-visibility":"","ast-main-header-display":"","ast-hfb-above-header-display":"","ast-hfb-below-header-display":"","ast-hfb-mobile-header-display":"","site-post-title":"disabled","ast-breadcrumbs-content":"","ast-featured-img":"disabled","footer-sml-layout":"","ast-disable-related-posts":"","theme-transparent-header-meta":"","adv-header-id-meta":"","stick-header-meta":"","header-above-stick-meta":"","header-main-stick-meta":"","header-below-stick-meta":"","astra-migrate-meta-layouts":"default","ast-page-background-enabled":"default","ast-page-background-meta":{"desktop":{"background-color":"var(--ast-global-color-4)","background-image":"","background-repeat":"repeat","background-position":"center center","background-size":"auto","background-attachment":"scroll","background-type":"","background-media":"","overlay-type":"","overlay-color":"","overlay-opacity":"","overlay-gradient":""},"tablet":{"background-color":"","background-image":"","background-repeat":"repeat","background-position":"center center","background-size":"auto","background-attachment":"scroll","background-type":"","background-media":"","overlay-type":"","overlay-color":"","overlay-opacity":"","overlay-gradient":""},"mobile":{"background-color":"","background-image":"","background-repeat":"repeat","background-position":"center center","background-size":"auto","background-attachment":"scroll","background-type":"","background-media":"","overlay-type":"","overlay-color":"","overlay-opacity":"","overlay-gradient":""}},"ast-content-background-meta":{"desktop":{"background-color":"var(--ast-global-color-5)","background-image":"","background-repeat":"repeat","background-position":"center center","background-size":"auto","background-attachment":"scroll","background-type":"","background-media":"","overlay-type":"","overlay-color":"","overlay-opacity":"","overlay-gradient":""},"tablet":{"background-color":"var(--ast-global-color-5)","background-image":"","background-repeat":"repeat","background-position":"center center","background-size":"auto","background-attachment":"scroll","background-type":"","background-media":"","overlay-type":"","overlay-color":"","overlay-opacity":"","overlay-gradient":""},"mobile":{"background-color":"var(--ast-global-color-5)","background-image":"","background-repeat":"repeat","background-position":"center center","background-size":"auto","background-attachment":"scroll","background-type":"","background-media":"","overlay-type":"","overlay-color":"","overlay-opacity":"","overlay-gradient":""}},"footnotes":""},"class_list":["post-107","page","type-page","status-publish","hentry"],"_links":{"self":[{"href":"https:\/\/rocksane.fr\/index.php\/wp-json\/wp\/v2\/pages\/107","targetHints":{"allow":["GET"]}}],"collection":[{"href":"https:\/\/rocksane.fr\/index.php\/wp-json\/wp\/v2\/pages"}],"about":[{"href":"https:\/\/rocksane.fr\/index.php\/wp-json\/wp\/v2\/types\/page"}],"author":[{"embeddable":true,"href":"https:\/\/rocksane.fr\/index.php\/wp-json\/wp\/v2\/users\/2"}],"replies":[{"embeddable":true,"href":"https:\/\/rocksane.fr\/index.php\/wp-json\/wp\/v2\/comments?post=107"}],"version-history":[{"count":22,"href":"https:\/\/rocksane.fr\/index.php\/wp-json\/wp\/v2\/pages\/107\/revisions"}],"predecessor-version":[{"id":2851,"href":"https:\/\/rocksane.fr\/index.php\/wp-json\/wp\/v2\/pages\/107\/revisions\/2851"}],"up":[{"embeddable":true,"href":"https:\/\/rocksane.fr\/index.php\/wp-json\/wp\/v2\/pages\/96"}],"wp:attachment":[{"href":"https:\/\/rocksane.fr\/index.php\/wp-json\/wp\/v2\/media?parent=107"}],"curies":[{"name":"wp","href":"https:\/\/api.w.org\/{rel}","templated":true}]}}