{"id":103,"date":"2025-09-02T14:22:22","date_gmt":"2025-09-02T12:22:22","guid":{"rendered":"https:\/\/rocksane.fr\/?page_id=103"},"modified":"2026-03-24T13:43:46","modified_gmt":"2026-03-24T12:43:46","slug":"actualites","status":"publish","type":"page","link":"https:\/\/rocksane.fr\/index.php\/rockschool\/actualites\/","title":{"rendered":"Actualit\u00e9s"},"content":{"rendered":"\t\t<div data-elementor-type=\"wp-page\" data-elementor-id=\"103\" class=\"elementor elementor-103\" data-elementor-settings=\"{&quot;ha_cmc_init_switcher&quot;:&quot;no&quot;}\">\n\t\t\t\t<div class=\"elementor-element elementor-element-c89e14a e-flex e-con-boxed e-con e-parent\" data-id=\"c89e14a\" data-element_type=\"container\" data-e-type=\"container\" data-settings=\"{&quot;_ha_eqh_enable&quot;:false}\">\n\t\t\t\t\t<div class=\"e-con-inner\">\n\t\t<div class=\"elementor-element elementor-element-dac0bed e-con-full e-flex e-con e-child\" data-id=\"dac0bed\" data-element_type=\"container\" data-e-type=\"container\" data-settings=\"{&quot;_ha_eqh_enable&quot;:false}\">\n\t\t\t\t<div class=\"elementor-element elementor-element-ec1b79a elementor-widget elementor-widget-spacer\" data-id=\"ec1b79a\" data-element_type=\"widget\" data-e-type=\"widget\" data-widget_type=\"spacer.default\">\n\t\t\t\t<div class=\"elementor-widget-container\">\n\t\t\t\t\t\t\t<div class=\"elementor-spacer\">\n\t\t\t<div class=\"elementor-spacer-inner\"><\/div>\n\t\t<\/div>\n\t\t\t\t\t\t<\/div>\n\t\t\t\t<\/div>\n\t\t\t\t<div class=\"elementor-element elementor-element-c90f73b elementor-widget elementor-widget-heading\" data-id=\"c90f73b\" data-element_type=\"widget\" data-e-type=\"widget\" data-widget_type=\"heading.default\">\n\t\t\t\t<div class=\"elementor-widget-container\">\n\t\t\t\t\t<p class=\"elementor-heading-title elementor-size-default\">CONCERTS DE LA ROCKSCHOOL 2026<\/p>\t\t\t\t<\/div>\n\t\t\t\t<\/div>\n\t\t\t\t<div class=\"elementor-element elementor-element-f2ad744 elementor-widget elementor-widget-spacer\" data-id=\"f2ad744\" data-element_type=\"widget\" data-e-type=\"widget\" data-widget_type=\"spacer.default\">\n\t\t\t\t<div class=\"elementor-widget-container\">\n\t\t\t\t\t\t\t<div class=\"elementor-spacer\">\n\t\t\t<div class=\"elementor-spacer-inner\"><\/div>\n\t\t<\/div>\n\t\t\t\t\t\t<\/div>\n\t\t\t\t<\/div>\n\t\t\t\t<div class=\"elementor-element elementor-element-585ca5b elementor-widget elementor-widget-text-editor\" data-id=\"585ca5b\" data-element_type=\"widget\" data-e-type=\"widget\" data-widget_type=\"text-editor.default\">\n\t\t\t\t<div class=\"elementor-widget-container\">\n\t\t\t\t\t\t\t\t\t<p><span style=\"font-weight: 400; color: #ffffff;\">Parce qu\u2019apprendre un instrument, c\u2019est apprendre \u00e0 monter sur sc\u00e8ne et \u00e0 faire le show ! Et aussi rencontrer les autres \u00e9l\u00e8ves !<\/span><\/p>\n<p><span style=\"font-weight: 400; color: #ffffff;\">Notez d\u00e8s \u00e0 pr\u00e9sent les grands rendez-vous de la Rockschool pour cette saison 2025 &#8211; 2026.<\/span><\/p>\n<p><span style=\"color: #ffffff;\"><b>Samedi 4 avril&nbsp;<\/b><b>: soir\u00e9e Rockschool de printemps<\/b><\/span><\/p>\n<p><b style=\"font-style: inherit; color: rgb(255, 255, 255);\">Dimanche 7 juin <\/b><b style=\"font-style: inherit; color: rgb(255, 255, 255);\">: Concert &#8211; F\u00eate de John Bost<\/b><\/p>\n<p><span style=\"color: #ffffff;\"><b>Vendredi 12 juin <\/b><b>: Concert au Lembarzique<\/b><\/span><\/p><p style=\"font-size: 17px; font-style: normal; font-weight: 400;\"><span style=\"color: rgb(255, 255, 255);\"><span style=\"font-weight: 700;\">Dimanche 21 juin&nbsp;<\/span><span style=\"font-weight: 700;\">: F\u00eate de la musique<\/span><\/span><\/p>\n<p><span style=\"color: #ffffff;\"><b>Vendredi 26 et Samedi 27 juin <\/b><b>: R\u00e9p\u00e9tition g\u00e9n\u00e9rale et Concert Rockschool Party<\/b><\/span><\/p>\t\t\t\t\t\t\t\t<\/div>\n\t\t\t\t<\/div>\n\t\t\t\t<\/div>\n\t\t\t\t\t<\/div>\n\t\t\t\t<\/div>\n\t\t\t\t<\/div>\n\t\t","protected":false},"excerpt":{"rendered":"<p>CONCERTS DE LA ROCKSCHOOL 2026 Parce qu\u2019apprendre un instrument, c\u2019est apprendre \u00e0 monter sur sc\u00e8ne et \u00e0 faire le show [&hellip;]<\/p>\n","protected":false},"author":3,"featured_media":0,"parent":96,"menu_order":0,"comment_status":"closed","ping_status":"closed","template":"","meta":{"site-sidebar-layout":"no-sidebar","site-content-layout":"","ast-site-content-layout":"full-width-container","site-content-style":"default","site-sidebar-style":"default","ast-global-header-display":"","ast-banner-title-visibility":"","ast-main-header-display":"","ast-hfb-above-header-display":"","ast-hfb-below-header-display":"","ast-hfb-mobile-header-display":"","site-post-title":"disabled","ast-breadcrumbs-content":"","ast-featured-img":"disabled","footer-sml-layout":"","ast-disable-related-posts":"","theme-transparent-header-meta":"","adv-header-id-meta":"","stick-header-meta":"","header-above-stick-meta":"","header-main-stick-meta":"","header-below-stick-meta":"","astra-migrate-meta-layouts":"default","ast-page-background-enabled":"default","ast-page-background-meta":{"desktop":{"background-color":"var(--ast-global-color-4)","background-image":"","background-repeat":"repeat","background-position":"center center","background-size":"auto","background-attachment":"scroll","background-type":"","background-media":"","overlay-type":"","overlay-color":"","overlay-opacity":"","overlay-gradient":""},"tablet":{"background-color":"","background-image":"","background-repeat":"repeat","background-position":"center center","background-size":"auto","background-attachment":"scroll","background-type":"","background-media":"","overlay-type":"","overlay-color":"","overlay-opacity":"","overlay-gradient":""},"mobile":{"background-color":"","background-image":"","background-repeat":"repeat","background-position":"center center","background-size":"auto","background-attachment":"scroll","background-type":"","background-media":"","overlay-type":"","overlay-color":"","overlay-opacity":"","overlay-gradient":""}},"ast-content-background-meta":{"desktop":{"background-color":"var(--ast-global-color-5)","background-image":"","background-repeat":"repeat","background-position":"center center","background-size":"auto","background-attachment":"scroll","background-type":"","background-media":"","overlay-type":"","overlay-color":"","overlay-opacity":"","overlay-gradient":""},"tablet":{"background-color":"var(--ast-global-color-5)","background-image":"","background-repeat":"repeat","background-position":"center center","background-size":"auto","background-attachment":"scroll","background-type":"","background-media":"","overlay-type":"","overlay-color":"","overlay-opacity":"","overlay-gradient":""},"mobile":{"background-color":"var(--ast-global-color-5)","background-image":"","background-repeat":"repeat","background-position":"center center","background-size":"auto","background-attachment":"scroll","background-type":"","background-media":"","overlay-type":"","overlay-color":"","overlay-opacity":"","overlay-gradient":""}},"footnotes":""},"class_list":["post-103","page","type-page","status-publish","hentry"],"_links":{"self":[{"href":"https:\/\/rocksane.fr\/index.php\/wp-json\/wp\/v2\/pages\/103","targetHints":{"allow":["GET"]}}],"collection":[{"href":"https:\/\/rocksane.fr\/index.php\/wp-json\/wp\/v2\/pages"}],"about":[{"href":"https:\/\/rocksane.fr\/index.php\/wp-json\/wp\/v2\/types\/page"}],"author":[{"embeddable":true,"href":"https:\/\/rocksane.fr\/index.php\/wp-json\/wp\/v2\/users\/3"}],"replies":[{"embeddable":true,"href":"https:\/\/rocksane.fr\/index.php\/wp-json\/wp\/v2\/comments?post=103"}],"version-history":[{"count":97,"href":"https:\/\/rocksane.fr\/index.php\/wp-json\/wp\/v2\/pages\/103\/revisions"}],"predecessor-version":[{"id":3729,"href":"https:\/\/rocksane.fr\/index.php\/wp-json\/wp\/v2\/pages\/103\/revisions\/3729"}],"up":[{"embeddable":true,"href":"https:\/\/rocksane.fr\/index.php\/wp-json\/wp\/v2\/pages\/96"}],"wp:attachment":[{"href":"https:\/\/rocksane.fr\/index.php\/wp-json\/wp\/v2\/media?parent=103"}],"curies":[{"name":"wp","href":"https:\/\/api.w.org\/{rel}","templated":true}]}}